{"id":96,"date":"2014-06-13T09:47:46","date_gmt":"2014-06-13T07:47:46","guid":{"rendered":"http:\/\/www.xn--schlerakademie-isb.org\/?page_id=96"},"modified":"2026-04-16T10:30:31","modified_gmt":"2026-04-16T08:30:31","slug":"willkommen-2","status":"publish","type":"page","link":"https:\/\/www.xn--schlerakademie-isb.org\/","title":{"rendered":"Willkommen!"},"content":{"rendered":"<hr \/>\n<h1 style=\"text-align: center;\"><em><a href=\"https:\/\/www.xn--schlerakademie-isb.org\/wp-content\/uploads\/2024\/05\/Schuelerakademie-2023_Sigrid-Luennemann-1-scaled.jpg\" data-wp-editing=\"1\"><img loading=\"lazy\" decoding=\"async\" class=\"alignnone wp-image-537 size-full\" src=\"https:\/\/www.xn--schlerakademie-isb.org\/wp-content\/uploads\/2024\/05\/Schuelerakademie-2023_Sigrid-Luennemann-1-scaled-e1715497622591.jpg\" alt=\"\" width=\"2534\" height=\"1501\" srcset=\"https:\/\/www.xn--schlerakademie-isb.org\/wp-content\/uploads\/2024\/05\/Schuelerakademie-2023_Sigrid-Luennemann-1-scaled-e1715497622591.jpg 2534w, https:\/\/www.xn--schlerakademie-isb.org\/wp-content\/uploads\/2024\/05\/Schuelerakademie-2023_Sigrid-Luennemann-1-scaled-e1715497622591-300x178.jpg 300w, https:\/\/www.xn--schlerakademie-isb.org\/wp-content\/uploads\/2024\/05\/Schuelerakademie-2023_Sigrid-Luennemann-1-scaled-e1715497622591-1024x607.jpg 1024w, https:\/\/www.xn--schlerakademie-isb.org\/wp-content\/uploads\/2024\/05\/Schuelerakademie-2023_Sigrid-Luennemann-1-scaled-e1715497622591-768x455.jpg 768w, https:\/\/www.xn--schlerakademie-isb.org\/wp-content\/uploads\/2024\/05\/Schuelerakademie-2023_Sigrid-Luennemann-1-scaled-e1715497622591-1536x910.jpg 1536w, https:\/\/www.xn--schlerakademie-isb.org\/wp-content\/uploads\/2024\/05\/Schuelerakademie-2023_Sigrid-Luennemann-1-scaled-e1715497622591-2048x1213.jpg 2048w, https:\/\/www.xn--schlerakademie-isb.org\/wp-content\/uploads\/2024\/05\/Schuelerakademie-2023_Sigrid-Luennemann-1-scaled-e1715497622591-624x370.jpg 624w\" sizes=\"(max-width: 2534px) 100vw, 2534px\" \/><\/a> <\/em><strong>Ein gro\u00dfer Dank f\u00fcr die Unterst\u00fctzung der Sch\u00fclerakademie Oldenburger M\u00fcnsterland gilt der Jakob-Mann-Stiftung vom Modehaus Leffers (www.jakob-mann-stiftung.de) und dem St.-Marien-Hospital in Friesoythe.<\/strong><\/h1>\n<p>Links zu den Videos der Sch\u00fclerakademie 2021 bis 2024:<\/p>\n<p><iframe loading=\"lazy\" title=\"Sch\u00fclerakademie Oldenburger M\u00fcnsterland 2024\" width=\"625\" height=\"469\" src=\"https:\/\/www.youtube.com\/embed\/LxEWxVPlAd0?feature=oembed\" frameborder=\"0\" allow=\"accelerometer; autoplay; clipboard-write; encrypted-media; gyroscope; picture-in-picture; web-share\" referrerpolicy=\"strict-origin-when-cross-origin\" allowfullscreen><\/iframe><\/p>\n<p><a href=\"https:\/\/www.youtube.com\/watch?v=Y1vSK6EuAG8&amp;t=19s\" data-wplink-edit=\"true\">https:\/\/www.youtube.com\/watch?v=Y1vSK6EuAG8&amp;t=19s<\/a><\/p>\n<p><a href=\"https:\/\/www.youtube.com\/watch?v=Ery4rmNQiyA\">https:\/\/www.youtube.com\/watch?v=Ery4rmNQiyA<\/a><\/p>\n","protected":false},"excerpt":{"rendered":"<p>Ein gro\u00dfer Dank f\u00fcr die Unterst\u00fctzung der Sch\u00fclerakademie Oldenburger M\u00fcnsterland gilt der Jakob-Mann-Stiftung vom Modehaus Leffers (www.jakob-mann-stiftung.de) und dem St.-Marien-Hospital in Friesoythe. Links zu den Videos der Sch\u00fclerakademie 2021 bis 2024: https:\/\/www.youtube.com\/watch?v=Y1vSK6EuAG8&amp;t=19s https:\/\/www.youtube.com\/watch?v=Ery4rmNQiyA<\/p>\n","protected":false},"author":2,"featured_media":0,"parent":0,"menu_order":0,"comment_status":"open","ping_status":"open","template":"","meta":{"footnotes":""},"_links":{"self":[{"href":"https:\/\/www.xn--schlerakademie-isb.org\/index.php?rest_route=\/wp\/v2\/pages\/96"}],"collection":[{"href":"https:\/\/www.xn--schlerakademie-isb.org\/index.php?rest_route=\/wp\/v2\/pages"}],"about":[{"href":"https:\/\/www.xn--schlerakademie-isb.org\/index.php?rest_route=\/wp\/v2\/types\/page"}],"author":[{"embeddable":true,"href":"https:\/\/www.xn--schlerakademie-isb.org\/index.php?rest_route=\/wp\/v2\/users\/2"}],"replies":[{"embeddable":true,"href":"https:\/\/www.xn--schlerakademie-isb.org\/index.php?rest_route=%2Fwp%2Fv2%2Fcomments&post=96"}],"version-history":[{"count":44,"href":"https:\/\/www.xn--schlerakademie-isb.org\/index.php?rest_route=\/wp\/v2\/pages\/96\/revisions"}],"predecessor-version":[{"id":640,"href":"https:\/\/www.xn--schlerakademie-isb.org\/index.php?rest_route=\/wp\/v2\/pages\/96\/revisions\/640"}],"wp:attachment":[{"href":"https:\/\/www.xn--schlerakademie-isb.org\/index.php?rest_route=%2Fwp%2Fv2%2Fmedia&parent=96"}],"curies":[{"name":"wp","href":"https:\/\/api.w.org\/{rel}","templated":true}]}}