{"id":157,"date":"2014-06-13T13:09:27","date_gmt":"2014-06-13T11:09:27","guid":{"rendered":"http:\/\/www.xn--schlerakademie-isb.org\/?page_id=157"},"modified":"2024-05-12T08:27:59","modified_gmt":"2024-05-12T06:27:59","slug":"kostenbankverbindung","status":"publish","type":"page","link":"https:\/\/www.xn--schlerakademie-isb.org\/?page_id=157","title":{"rendered":"Kosten und Bankverbindung"},"content":{"rendered":"<p>Durch die Unterst\u00fctzung der <a title=\"Partner\" href=\"http:\/\/www.xn--schlerakademie-isb.org\/?page_id=132\">Kooperationspartner und Sponsoren<\/a> sowie die Beteiligung der Schulen des <a title=\"Kooperationsverbund\" href=\"http:\/\/www.xn--schlerakademie-isb.org\/?page_id=129\">Schulen des Kooperationsverbundes<\/a> k\u00f6nnen die Kosten f\u00fcr die Teilnahme an der Sch\u00fclerakademie auf 195 Euro reduziert werden. Dieser Beitrag umfasst alle \u00dcbernachtungen (im DZ), die Vollverpflegung (Fr\u00fchst\u00fcck, Stehkaffee, Mittagessen, Kaffee und Kuchen, Abendessen) und alle Arbeitsmaterialien beim Vorbereitungswochenende und bei der Akademiewoche.<\/p>\n<p>Nach erteilter Zusage ist der <strong>Teilnahmebeitrag<\/strong> unter Angabe des Sch\u00fclernamens <strong>sp\u00e4testens bis zum 15.\u00a0August<\/strong> zu \u00fcberweisen. Sollte eine Teilname aus finanziellen Gr\u00fcnden nicht oder nur schwer m\u00f6glich sein, so wenden Sie sich bitte an <a title=\"Kontakt\" href=\"http:\/\/www.xn--schlerakademie-isb.org\/?page_id=109\">mich<\/a> bzw. an den F\u00f6rderverein deiner Schule.<\/p>\n<p>Die <strong>Bankverbindung<\/strong> lautet:<\/p>\n<p>Landessparkasse zu Oldenburg<br \/>\nSch\u00fclerakademie<br \/>\nIBAN\u00a0\u00a0 \u00a0DE45 2805 0100 0091 3608 26<\/p>\n<p>BIC\u00a0\u00a0\u00a0\u00a0\u00a0\u00a0 <span id=\"business-identifier-code\">SLZODE22XXX<\/span><\/p>\n<p>Verwendungszweck: Sch\u00fclername<\/p>\n","protected":false},"excerpt":{"rendered":"<p>Durch die Unterst\u00fctzung der Kooperationspartner und Sponsoren sowie die Beteiligung der Schulen des Schulen des Kooperationsverbundes k\u00f6nnen die Kosten f\u00fcr die Teilnahme an der Sch\u00fclerakademie auf 195 Euro reduziert werden. Dieser Beitrag umfasst alle \u00dcbernachtungen (im DZ), die Vollverpflegung (Fr\u00fchst\u00fcck, Stehkaffee, Mittagessen, Kaffee und Kuchen, Abendessen) und alle Arbeitsmaterialien beim Vorbereitungswochenende und bei der Akademiewoche. [&hellip;]<\/p>\n","protected":false},"author":2,"featured_media":0,"parent":119,"menu_order":0,"comment_status":"open","ping_status":"open","template":"","meta":{"footnotes":""},"_links":{"self":[{"href":"https:\/\/www.xn--schlerakademie-isb.org\/index.php?rest_route=\/wp\/v2\/pages\/157"}],"collection":[{"href":"https:\/\/www.xn--schlerakademie-isb.org\/index.php?rest_route=\/wp\/v2\/pages"}],"about":[{"href":"https:\/\/www.xn--schlerakademie-isb.org\/index.php?rest_route=\/wp\/v2\/types\/page"}],"author":[{"embeddable":true,"href":"https:\/\/www.xn--schlerakademie-isb.org\/index.php?rest_route=\/wp\/v2\/users\/2"}],"replies":[{"embeddable":true,"href":"https:\/\/www.xn--schlerakademie-isb.org\/index.php?rest_route=%2Fwp%2Fv2%2Fcomments&post=157"}],"version-history":[{"count":10,"href":"https:\/\/www.xn--schlerakademie-isb.org\/index.php?rest_route=\/wp\/v2\/pages\/157\/revisions"}],"predecessor-version":[{"id":533,"href":"https:\/\/www.xn--schlerakademie-isb.org\/index.php?rest_route=\/wp\/v2\/pages\/157\/revisions\/533"}],"up":[{"embeddable":true,"href":"https:\/\/www.xn--schlerakademie-isb.org\/index.php?rest_route=\/wp\/v2\/pages\/119"}],"wp:attachment":[{"href":"https:\/\/www.xn--schlerakademie-isb.org\/index.php?rest_route=%2Fwp%2Fv2%2Fmedia&parent=157"}],"curies":[{"name":"wp","href":"https:\/\/api.w.org\/{rel}","templated":true}]}}