{"id":129,"date":"2014-06-13T11:28:55","date_gmt":"2014-06-13T09:28:55","guid":{"rendered":"http:\/\/www.xn--schlerakademie-isb.org\/?page_id=129"},"modified":"2015-06-14T23:18:09","modified_gmt":"2015-06-14T21:18:09","slug":"kooperationsverbund","status":"publish","type":"page","link":"https:\/\/www.xn--schlerakademie-isb.org\/?page_id=129","title":{"rendered":"Kooperationsverbund"},"content":{"rendered":"<p>Folgende Schulen geh\u00f6ren dem Kooperationsverbund der Sch\u00fclerakademie im Oldenburger M\u00fcnsterland an:<\/p>\n<h3>Gymnasium Bad Zwischenahn-Edewecht<br \/>\nClemens-August-Gymnasium Cloppenburg<br \/>\nLiebfrauenschule Cloppenburg<br \/>\nGymnasium Damme<\/h3>\n<h3>Graf-Friedrich-Schule Diepholz<br \/>\nMax-Planck-Gymnasium Delmenhorst<br \/>\nAlbertus-Magnus-Gymnasium Friesoythe<br \/>\nGymnasium Lohne<\/h3>\n<h3>Copernicus-Gymnasium L\u00f6ningen<br \/>\nLiebfrauenschule Oldenburg<br \/>\nGymnasium Antonianum Vechta<br \/>\nKolleg St. Thomas Vechta<\/h3>\n<h3>Liebfrauenschule Vechta<br \/>\nC\u00e4cilienschule Wilhelmshaven<\/h3>\n","protected":false},"excerpt":{"rendered":"<p>Folgende Schulen geh\u00f6ren dem Kooperationsverbund der Sch\u00fclerakademie im Oldenburger M\u00fcnsterland an: Gymnasium Bad Zwischenahn-Edewecht Clemens-August-Gymnasium Cloppenburg Liebfrauenschule Cloppenburg Gymnasium Damme Graf-Friedrich-Schule Diepholz Max-Planck-Gymnasium Delmenhorst Albertus-Magnus-Gymnasium Friesoythe Gymnasium Lohne Copernicus-Gymnasium L\u00f6ningen Liebfrauenschule Oldenburg Gymnasium Antonianum Vechta Kolleg St. Thomas Vechta Liebfrauenschule Vechta C\u00e4cilienschule Wilhelmshaven<\/p>\n","protected":false},"author":2,"featured_media":0,"parent":119,"menu_order":0,"comment_status":"open","ping_status":"open","template":"","meta":{"footnotes":""},"_links":{"self":[{"href":"https:\/\/www.xn--schlerakademie-isb.org\/index.php?rest_route=\/wp\/v2\/pages\/129"}],"collection":[{"href":"https:\/\/www.xn--schlerakademie-isb.org\/index.php?rest_route=\/wp\/v2\/pages"}],"about":[{"href":"https:\/\/www.xn--schlerakademie-isb.org\/index.php?rest_route=\/wp\/v2\/types\/page"}],"author":[{"embeddable":true,"href":"https:\/\/www.xn--schlerakademie-isb.org\/index.php?rest_route=\/wp\/v2\/users\/2"}],"replies":[{"embeddable":true,"href":"https:\/\/www.xn--schlerakademie-isb.org\/index.php?rest_route=%2Fwp%2Fv2%2Fcomments&post=129"}],"version-history":[{"count":10,"href":"https:\/\/www.xn--schlerakademie-isb.org\/index.php?rest_route=\/wp\/v2\/pages\/129\/revisions"}],"predecessor-version":[{"id":259,"href":"https:\/\/www.xn--schlerakademie-isb.org\/index.php?rest_route=\/wp\/v2\/pages\/129\/revisions\/259"}],"up":[{"embeddable":true,"href":"https:\/\/www.xn--schlerakademie-isb.org\/index.php?rest_route=\/wp\/v2\/pages\/119"}],"wp:attachment":[{"href":"https:\/\/www.xn--schlerakademie-isb.org\/index.php?rest_route=%2Fwp%2Fv2%2Fmedia&parent=129"}],"curies":[{"name":"wp","href":"https:\/\/api.w.org\/{rel}","templated":true}]}}